{"id":64,"date":"2024-07-31T13:26:57","date_gmt":"2024-07-31T11:26:57","guid":{"rendered":"https:\/\/antakerix.cz\/?page_id=64"},"modified":"2026-03-11T23:00:48","modified_gmt":"2026-03-11T21:00:48","slug":"o-nas","status":"publish","type":"page","link":"https:\/\/antakerix.cz\/index.php\/o-nas\/","title":{"rendered":"O n\u00e1s"},"content":{"rendered":"<p>[et_pb_section fb_built=&#8220;1&#8243; _builder_version=&#8220;4.22.1&#8243; _module_preset=&#8220;default&#8220; background_color=&#8220;#000000&#8243; background_image=&#8220;https:\/\/antakerix.cz\/wp-content\/uploads\/2024\/07\/BG-1.jpg&#8220; custom_padding=&#8220;0px||0px|||&#8220; global_colors_info=&#8220;{}&#8220;][et_pb_row _builder_version=&#8220;4.27.6&#8243; _module_preset=&#8220;default&#8220; background_image=&#8220;https:\/\/antakerix.cz\/wp-content\/uploads\/2024\/07\/skupinovaAnakerix-2.jpg&#8220; background_position=&#8220;top_center&#8220; width=&#8220;100%&#8220; max_width=&#8220;2560px&#8220; module_alignment=&#8220;center&#8220; custom_padding=&#8220;350px||60px||false|false&#8220; hover_enabled=&#8220;0&#8243; global_colors_info=&#8220;{}&#8220; sticky_enabled=&#8220;0&#8243;][et_pb_column type=&#8220;4_4&#8243; _builder_version=&#8220;4.22.1&#8243; _module_preset=&#8220;default&#8220; global_colors_info=&#8220;{}&#8220;][et_pb_text _builder_version=&#8220;4.27.6&#8243; _module_preset=&#8220;default&#8220; header_font=&#8220;Poppins|300||on|||||&#8220; header_text_align=&#8220;center&#8220; header_text_color=&#8220;#FFFFFF&#8220; header_font_size=&#8220;6vh&#8220; header_line_height=&#8220;1.2em&#8220; background_enable_image=&#8220;off&#8220; custom_padding=&#8220;10px||20px||false|false&#8220; filter_opacity=&#8220;90%&#8220; hover_enabled=&#8220;0&#8243; header_font_size_tablet=&#8220;5vh&#8220; header_font_size_phone=&#8220;5vh&#8220; header_font_size_last_edited=&#8220;on|phone&#8220; header_text_shadow_style=&#8220;preset1&#8243; header_text_shadow_horizontal_length=&#8220;0.03em&#8220; header_text_shadow_vertical_length=&#8220;0.03em&#8220; global_colors_info=&#8220;{%22gcid-914ad81d-3e01-4ea7-bbe7-3a1775a122a9%22:%91%22typing_cursor_color%22%93}&#8220; locked=&#8220;off&#8220; sticky_enabled=&#8220;0&#8243;]<\/p>\n<h1>sportovn\u00ed <span style=\"color: #0da642;\">marketingov\u00e9<\/span> n\u00e1s bav\u00ed<\/h1>\n<p>[\/et_pb_text][\/et_pb_column][\/et_pb_row][\/et_pb_section][et_pb_section fb_built=&#8220;1&#8243; _builder_version=&#8220;4.22.1&#8243; _module_preset=&#8220;default&#8220; background_image=&#8220;https:\/\/antakerix.cz\/wp-content\/uploads\/2024\/07\/BG-1.jpg&#8220; global_colors_info=&#8220;{}&#8220;][et_pb_row _builder_version=&#8220;4.22.1&#8243; _module_preset=&#8220;default&#8220; global_colors_info=&#8220;{}&#8220;][et_pb_column type=&#8220;4_4&#8243; _builder_version=&#8220;4.22.1&#8243; _module_preset=&#8220;default&#8220; global_colors_info=&#8220;{}&#8220;][et_pb_text disabled_on=&#8220;on|on|on&#8220; _builder_version=&#8220;4.24.2&#8243; _module_preset=&#8220;default&#8220; header_font=&#8220;Kanit|600||on|||||&#8220; header_text_color=&#8220;#FFFFFF&#8220; header_font_size=&#8220;55px&#8220; header_2_font=&#8220;Kanit|200|||||||&#8220; header_2_text_align=&#8220;center&#8220; header_2_text_color=&#8220;#FFFFFF&#8220; header_2_font_size=&#8220;22px&#8220; header_2_line_height=&#8220;1.2em&#8220; custom_margin=&#8220;||0px||false|false&#8220; disabled=&#8220;on&#8220; global_colors_info=&#8220;{}&#8220;]<\/p>\n<h2>Jsme t\u00fdm odborn\u00edk\u016f, kte\u0159\u00ed rozum\u00ed sportovn\u00edm trend\u016fm a jsou p\u0159ipraveni v\u00e1m pomoci v maxim\u00e1ln\u00edm vyu\u017eit\u00ed sportovn\u00edho marketingu. Na\u0161e strategie jsou \u0161it\u00e9 na m\u00edru va\u0161im pot\u0159eb\u00e1m, abychom vytvo\u0159ili optim\u00e1ln\u00ed z\u00e1\u017eitek pro va\u0161e klienty a dos\u00e1hli va\u0161ich marketingov\u00fdch c\u00edl\u016f.<\/h2>\n<p>[\/et_pb_text][et_pb_text _builder_version=&#8220;4.25.1&#8243; _module_preset=&#8220;default&#8220; text_font=&#8220;Poppins|200|||||||&#8220; text_text_color=&#8220;#FFFFFF&#8220; text_font_size=&#8220;18px&#8220; header_font=&#8220;Kanit|600||on|||||&#8220; header_text_color=&#8220;#FFFFFF&#8220; header_font_size=&#8220;55px&#8220; header_2_font=&#8220;Kanit|200|||||||&#8220; header_2_text_align=&#8220;center&#8220; header_2_text_color=&#8220;#FFFFFF&#8220; header_2_font_size=&#8220;22px&#8220; header_2_line_height=&#8220;1.2em&#8220; text_orientation=&#8220;center&#8220; width=&#8220;80%&#8220; module_alignment=&#8220;center&#8220; custom_margin=&#8220;||0px||false|false&#8220; text_font_size_tablet=&#8220;16px&#8220; text_font_size_phone=&#8220;14px&#8220; text_font_size_last_edited=&#8220;on|phone&#8220; global_colors_info=&#8220;{}&#8220;]<\/p>\n<p>Hlavn\u00edmi pil\u00ed\u0159i na\u0161\u00ed agentury jsou sport, kultura, marketing a reklama, a to ve vz\u00e1jemn\u00e9m propojen\u00ed, co\u017e klientovi p\u0159in\u00e1\u0161\u00ed dnes tolik nutn\u00fd fullservis.<\/p>\n<p>Od prvotn\u00ed my\u0161lenky, p\u0159es zpracov\u00e1n\u00ed marketingov\u00e9ho pl\u00e1nu akce, n\u00e1m\u011btu, sc\u00e9n\u00e1\u0159e, dramaturgie, a n\u00e1sledn\u00e9 produkce, v\u010detn\u011b technick\u00e9ho zabezpe\u010den\u00ed a medi\u00e1ln\u00edho zviditeln\u011bn\u00ed.<\/p>\n<p>ANTAKERIX se specializuje i na servis pro sportovn\u00ed kluby, napom\u00e1haj\u00ed jejich reklamn\u00ed \u010dinnosti a propagaci klient\u016f portfolia pr\u00e1v\u011b prost\u0159ednictv\u00edm sportovn\u00edch akc\u00ed, se zam\u011b\u0159en\u00edm na c\u00edlovou skupinu produkt\u016f konkr\u00e9tn\u00ed firmy. Neodd\u011blitelnou sou\u010d\u00e1st\u00ed t\u00e9to unik\u00e1tn\u00ed marketingov\u00e9 strategie jsou p\u0159irozen\u011b i realizace event\u016f, grafick\u00fdch n\u00e1vrh\u016f a tisk\u016f, reklamn\u00edch p\u0159edm\u011bt\u016f, r\u00e1dio a TV spot\u016f, tiskov\u00e9 a elektronick\u00e9 reklamy \u010di public relations.<\/p>\n<p>V oblasti sportovn\u00edho marketingu a kultury je ANTAKERIX tak\u00e9 specialistou na LED technologie.<\/p>\n<p>Bohat\u00e9 zku\u0161enosti na\u0161eho t\u00fdmu p\u0159i po\u0159\u00e1d\u00e1n\u00ed sportovn\u00edch akc\u00ed, turnaj\u016f, z\u00e1vod\u016f, koncert\u016f, turn\u00e9 a festival\u016f, dopln\u011bn\u00e9 o marketingov\u00e9 z\u00e1zem\u00ed a medi\u00e1ln\u00ed podporu, jist\u011b zvednou i va\u0161i presti\u017e.<\/p>\n<p>[\/et_pb_text][\/et_pb_column][\/et_pb_row][\/et_pb_section][et_pb_section fb_built=&#8220;1&#8243; _builder_version=&#8220;4.25.1&#8243; _module_preset=&#8220;default&#8220; background_image=&#8220;https:\/\/antakerix.cz\/wp-content\/uploads\/2024\/07\/BG-1-1.jpg&#8220; custom_padding=&#8220;||35px|||&#8220; top_divider_style=&#8220;curve2&#8243; top_divider_color=&#8220;#383838&#8243; top_divider_height=&#8220;10px&#8220; bottom_divider_color=&#8220;#383838&#8243; bottom_divider_height=&#8220;10px&#8220; bottom_divider_flip=&#8220;vertical&#8220; global_colors_info=&#8220;{}&#8220;][et_pb_row column_structure=&#8220;1_4,1_4,1_4,1_4&#8243; _builder_version=&#8220;4.22.1&#8243; _module_preset=&#8220;default&#8220; background_enable_image=&#8220;off&#8220; max_width=&#8220;1350px&#8220; custom_padding=&#8220;5%||5%||true|false&#8220; global_colors_info=&#8220;{}&#8220;][et_pb_column type=&#8220;1_4&#8243; _builder_version=&#8220;4.22.1&#8243; _module_preset=&#8220;default&#8220; global_colors_info=&#8220;{}&#8220;][et_pb_image src=&#8220;https:\/\/antakerix.cz\/wp-content\/uploads\/2024\/07\/KRP_logo_horizontal_inverz.png&#8220; title_text=&#8220;KRP_logo_horizontal_inverz&#8220; align_tablet=&#8220;center&#8220; align_phone=&#8220;&#8220; align_last_edited=&#8220;on|phone&#8220; _builder_version=&#8220;4.25.1&#8243; _module_preset=&#8220;default&#8220; width=&#8220;85%&#8220; global_colors_info=&#8220;{}&#8220;][\/et_pb_image][\/et_pb_column][et_pb_column type=&#8220;1_4&#8243; _builder_version=&#8220;4.22.1&#8243; _module_preset=&#8220;default&#8220; global_colors_info=&#8220;{}&#8220;][et_pb_text _builder_version=&#8220;4.25.1&#8243; _module_preset=&#8220;default&#8220; text_font=&#8220;Poppins||||||||&#8220; text_text_color=&#8220;#FFFFFF&#8220; header_font=&#8220;Kanit|600||on|||||&#8220; header_text_color=&#8220;#FFFFFF&#8220; header_font_size=&#8220;55px&#8220; header_2_font=&#8220;Kanit|500||on|||||&#8220; header_2_text_color=&#8220;#FFFFFF&#8220; header_2_font_size=&#8220;32px&#8220; text_orientation=&#8220;center&#8220; global_colors_info=&#8220;{}&#8220;]<\/p>\n<p>+420 736 522 527<br \/>office@antakerix.cz<\/p>\n<p>[\/et_pb_text][\/et_pb_column][et_pb_column type=&#8220;1_4&#8243; _builder_version=&#8220;4.22.1&#8243; _module_preset=&#8220;default&#8220; global_colors_info=&#8220;{}&#8220;][et_pb_text _builder_version=&#8220;4.25.1&#8243; _module_preset=&#8220;default&#8220; text_font=&#8220;Poppins|200|||||||&#8220; text_text_color=&#8220;#FFFFFF&#8220; header_font=&#8220;Kanit|600||on|||||&#8220; header_text_color=&#8220;#FFFFFF&#8220; header_font_size=&#8220;55px&#8220; header_2_font=&#8220;Kanit|500||on|||||&#8220; header_2_text_color=&#8220;#FFFFFF&#8220; header_2_font_size=&#8220;32px&#8220; text_orientation=&#8220;center&#8220; global_colors_info=&#8220;{}&#8220;]<\/p>\n<p><strong>ANTAKERIX CZECH s.r.o.<\/strong><br \/>Revolu\u010dn\u00ed 763\/15<br \/>110 00 Praha 1<\/p>\n<p>[\/et_pb_text][\/et_pb_column][et_pb_column type=&#8220;1_4&#8243; _builder_version=&#8220;4.22.1&#8243; _module_preset=&#8220;default&#8220; global_colors_info=&#8220;{}&#8220;][et_pb_image src=&#8220;https:\/\/antakerix.cz\/wp-content\/uploads\/2024\/07\/ANTAKERIX_logo_white.png&#8220; title_text=&#8220;ANTAKERIX_logo_white&#8220; align=&#8220;right&#8220; align_tablet=&#8220;center&#8220; align_phone=&#8220;center&#8220; align_last_edited=&#8220;on|tablet&#8220; _builder_version=&#8220;4.25.1&#8243; _module_preset=&#8220;default&#8220; width=&#8220;90%&#8220; global_colors_info=&#8220;{}&#8220;][\/et_pb_image][\/et_pb_column][\/et_pb_row][\/et_pb_section][et_pb_section fb_built=&#8220;1&#8243; _builder_version=&#8220;4.22.1&#8243; _module_preset=&#8220;default&#8220; background_color=&#8220;#000000&#8243; custom_padding=&#8220;0px||0px|||&#8220; global_colors_info=&#8220;{}&#8220;][et_pb_row _builder_version=&#8220;4.22.1&#8243; _module_preset=&#8220;default&#8220; global_colors_info=&#8220;{}&#8220;][et_pb_column type=&#8220;4_4&#8243; _builder_version=&#8220;4.22.1&#8243; _module_preset=&#8220;default&#8220; global_colors_info=&#8220;{}&#8220;][et_pb_text _builder_version=&#8220;4.25.1&#8243; _module_preset=&#8220;default&#8220; text_font=&#8220;Poppins|300|||||||&#8220; text_text_color=&#8220;#FFFFFF&#8220; text_orientation=&#8220;center&#8220; global_colors_info=&#8220;{}&#8220;]<\/p>\n<p>\u00a9 2024 ANTAKERIX CZECH s.r.o. V\u0161echna pr\u00e1va vyhrazena.<\/p>\n<p>[\/et_pb_text][\/et_pb_column][\/et_pb_row][\/et_pb_section]<\/p>\n","protected":false},"excerpt":{"rendered":"<p>sportovn\u00ed marketingov\u00e9 n\u00e1s bav\u00edJsme t\u00fdm odborn\u00edk\u016f, kte\u0159\u00ed rozum\u00ed sportovn\u00edm trend\u016fm a jsou p\u0159ipraveni v\u00e1m pomoci v maxim\u00e1ln\u00edm vyu\u017eit\u00ed sportovn\u00edho marketingu. Na\u0161e strategie jsou \u0161it\u00e9 na m\u00edru va\u0161im pot\u0159eb\u00e1m, abychom vytvo\u0159ili optim\u00e1ln\u00ed z\u00e1\u017eitek pro va\u0161e klienty a dos\u00e1hli va\u0161ich marketingov\u00fdch c\u00edl\u016f.Hlavn\u00edmi pil\u00ed\u0159i na\u0161\u00ed agentury jsou sport, kultura, marketing a reklama, a to ve vz\u00e1jemn\u00e9m propojen\u00ed, co\u017e [&hellip;]<\/p>\n","protected":false},"author":1,"featured_media":0,"parent":0,"menu_order":0,"comment_status":"closed","ping_status":"closed","template":"","meta":{"_et_pb_use_builder":"on","_et_pb_old_content":"","_et_gb_content_width":"","footnotes":""},"class_list":["post-64","page","type-page","status-publish","hentry"],"_links":{"self":[{"href":"https:\/\/antakerix.cz\/index.php\/wp-json\/wp\/v2\/pages\/64","targetHints":{"allow":["GET"]}}],"collection":[{"href":"https:\/\/antakerix.cz\/index.php\/wp-json\/wp\/v2\/pages"}],"about":[{"href":"https:\/\/antakerix.cz\/index.php\/wp-json\/wp\/v2\/types\/page"}],"author":[{"embeddable":true,"href":"https:\/\/antakerix.cz\/index.php\/wp-json\/wp\/v2\/users\/1"}],"replies":[{"embeddable":true,"href":"https:\/\/antakerix.cz\/index.php\/wp-json\/wp\/v2\/comments?post=64"}],"version-history":[{"count":4,"href":"https:\/\/antakerix.cz\/index.php\/wp-json\/wp\/v2\/pages\/64\/revisions"}],"predecessor-version":[{"id":97,"href":"https:\/\/antakerix.cz\/index.php\/wp-json\/wp\/v2\/pages\/64\/revisions\/97"}],"wp:attachment":[{"href":"https:\/\/antakerix.cz\/index.php\/wp-json\/wp\/v2\/media?parent=64"}],"curies":[{"name":"wp","href":"https:\/\/api.w.org\/{rel}","templated":true}]}}